{"id":1457,"date":"2018-05-08T19:04:31","date_gmt":"2018-05-08T23:04:31","guid":{"rendered":"http:\/\/nonsolumdata.com\/?page_id=1457"},"modified":"2019-04-11T10:35:08","modified_gmt":"2019-04-11T14:35:08","slug":"serie-sur-le-vieillissement","status":"publish","type":"page","link":"http:\/\/nonsolumdata.com\/blog\/fr\/sante\/serie-sur-le-vieillissement\/","title":{"rendered":"S\u00e9rie sur le vieillissement"},"content":{"rendered":"<h1 style=\"text-align: center;\">Vieillissement \u2013 l&#8217;ampleur du d\u00e9fi<\/h1>\n<hr \/>\n<p>Toutes les soci\u00e9t\u00e9s de l&#8217;OCDE connaissent le vieillissement, tel que mesur\u00e9 par <strong>la proportion de la population \u00e2g\u00e9e de 65 ans et plus<\/strong>. Dans cette s\u00e9rie de posts, <a href=\"http:\/\/nonsolumdata.com\/en\/author-patrice\/\">Patrice de Broucker<\/a> examine la situation de quelques pays en se fondant sur des donn\u00e9es qui mesurent le ph\u00e9nom\u00e8ne depuis 1950 et \u00e9tendent la projection jusqu&#8217;en 2100.<\/p>\n<h3 class=\"builder-text-section-title\">Dans cette s\u00e9rie de posts<\/h3>\n<p>Le vieillissement, tel qu&#8217;on l&#8217;applique \u00e0 l&#8217;\u00e9volution de populations nationales, est un processus qui d\u00e9pend essentiellement de deux param\u00e8tres d\u00e9mographiques: le taux de f\u00e9condit\u00e9 et l&#8217;esp\u00e9rance de vie. L&#8217;observation de ces param\u00e8tres est la base de cette s\u00e9rie. Lorsque cela est appropri\u00e9 dans des situations nationales particuli\u00e8res, d&#8217;autres param\u00e8tres sont int\u00e9gr\u00e9s \u00e0 l&#8217;analyse, l&#8217;immigration par exemple. Quelques relations avec le d\u00e9veloppement de la population active sont pr\u00e9sent\u00e9es, car elles sont importantes.<\/p>\n<p><strong>L&#8217;approche de Patrice <\/strong>: dresser le portrait analytique du vieillissement est crucial comme base des discussions de politique n\u00e9cessaires \u2013 c&#8217;est ce que nous essayons de faire, sans nous perdre dans les d\u00e9tails.<\/p>\n<p style=\"text-align: center;\"><a href=\"http:\/\/nonsolumdata.com\/fr\/2017\/12\/vieillissement-au-japon-lampleur-du-defi\/\">Vieillissement au Japon : l\u2019ampleur du d\u00e9fi<\/a><br \/>\n17 d\u00e9cembre 2017<\/p>\n<p style=\"text-align: center;\"><a href=\"http:\/\/nonsolumdata.com\/en\/2018\/01\/aging-in-sweden\/\">Aging in Sweden<\/a> <em>(en anglais seulement)<\/em><br \/>\n15 janvier 2018<\/p>\n<p style=\"text-align: center;\"><a href=\"http:\/\/nonsolumdata.com\/fr\/2018\/01\/vieillissement-au-canada\/\">Vieillissement au Canada<\/a><br \/>\n26 janvier 2018<\/p>\n<p style=\"text-align: center;\"><a href=\"http:\/\/nonsolumdata.com\/en\/2018\/03\/aging-united-states\/\" target=\"_blank\" rel=\"noopener noreferrer\">Aging in the United States<\/a><em> (en anglais seulement)<\/em><br \/>\n5 mars 2018<\/p>\n<p style=\"text-align: center;\"><a href=\"http:\/\/nonsolumdata.com\/en\/2018\/04\/what-has-changed-in-the-lives-and-pattern-of-death-of-american-women-and-men\/\" target=\"_blank\" rel=\"noopener noreferrer\">What has changed in the lives (and pattern of death) of American women and men?<\/a> <em>(en anglais seulement)<\/em><br \/>\n6 avril 2018<\/p>\n<p style=\"text-align: center;\"><a href=\"http:\/\/nonsolumdata.com\/fr\/2018\/05\/vieillissement-en-france-defi-particulier-dune-population-en-age-de-travailler-qui-ne-croit-plus\/\" target=\"_blank\" rel=\"noopener noreferrer\">Vieillissement en France : d\u00e9fi particulier d\u2019une population en \u00e2ge de travailler qui ne cro\u00eet plus<\/a><br \/>\n8 mai 2018<\/p>\n<p style=\"text-align: center;\"><a href=\"http:\/\/nonsolumdata.com\/blog\/en\/2019\/04\/facing-aging-how-employment-plays-a-critical-role\/\" target=\"_blank\" rel=\"noopener noreferrer\">Facing aging: How employment plays a critical role<\/a> <em>(en anglais seulement)<\/em> 10 avril 2019<\/p>\n","protected":false},"excerpt":{"rendered":"<p>Vieillissement \u2013 l&#8217;ampleur du d\u00e9fi Toutes les soci\u00e9t\u00e9s de l&#8217;OCDE connaissent le vieillissement, tel que mesur\u00e9 par la proportion de la population \u00e2g\u00e9e de 65 ans et plus. Dans cette s\u00e9rie de posts, Patrice de Broucker examine la situation de quelques pays en se fondant sur des donn\u00e9es qui mesurent le ph\u00e9nom\u00e8ne depuis 1950 et &hellip; <a href=\"http:\/\/nonsolumdata.com\/blog\/fr\/sante\/serie-sur-le-vieillissement\/\" class=\"more-link\">Continue reading <span class=\"screen-reader-text\">S\u00e9rie sur le vieillissement<\/span><\/a><\/p>\n","protected":false},"author":1,"featured_media":0,"parent":1511,"menu_order":0,"comment_status":"closed","ping_status":"closed","template":"","meta":{"jetpack_post_was_ever_published":false,"footnotes":""},"class_list":["post-1457","page","type-page","status-publish","hentry"],"yoast_head":"<!-- This site is optimized with the Yoast SEO plugin v27.2 - https:\/\/yoast.com\/product\/yoast-seo-wordpress\/ -->\n<title>S\u00e9rie sur le vieillissement | Non Solum Data<\/title>\n<meta name=\"robots\" content=\"index, follow, max-snippet:-1, max-image-preview:large, max-video-preview:-1\" \/>\n<link rel=\"canonical\" href=\"http:\/\/nonsolumdata.com\/blog\/fr\/sante\/serie-sur-le-vieillissement\/\" \/>\n<meta property=\"og:locale\" content=\"en_US\" \/>\n<meta property=\"og:type\" content=\"article\" \/>\n<meta property=\"og:title\" content=\"S\u00e9rie sur le vieillissement | Non Solum Data\" \/>\n<meta property=\"og:description\" content=\"Vieillissement \u2013 l&#8217;ampleur du d\u00e9fi Toutes les soci\u00e9t\u00e9s de l&#8217;OCDE connaissent le vieillissement, tel que mesur\u00e9 par la proportion de la population \u00e2g\u00e9e de 65 ans et plus. Dans cette s\u00e9rie de posts, Patrice de Broucker examine la situation de quelques pays en se fondant sur des donn\u00e9es qui mesurent le ph\u00e9nom\u00e8ne depuis 1950 et &hellip; Continue reading S\u00e9rie sur le vieillissement\" \/>\n<meta property=\"og:url\" content=\"http:\/\/nonsolumdata.com\/blog\/fr\/sante\/serie-sur-le-vieillissement\/\" \/>\n<meta property=\"og:site_name\" content=\"Non Solum Data\" \/>\n<meta property=\"article:publisher\" content=\"https:\/\/www.facebook.com\/nonsolumdata\/\" \/>\n<meta property=\"article:modified_time\" content=\"2019-04-11T14:35:08+00:00\" \/>\n<meta name=\"twitter:card\" content=\"summary_large_image\" \/>\n<meta name=\"twitter:label1\" content=\"Est. reading time\" \/>\n\t<meta name=\"twitter:data1\" content=\"1 minute\" \/>\n<script type=\"application\/ld+json\" class=\"yoast-schema-graph\">{\"@context\":\"https:\/\/schema.org\",\"@graph\":[{\"@type\":\"WebPage\",\"@id\":\"http:\/\/nonsolumdata.com\/blog\/fr\/sante\/serie-sur-le-vieillissement\/\",\"url\":\"http:\/\/nonsolumdata.com\/blog\/fr\/sante\/serie-sur-le-vieillissement\/\",\"name\":\"S\u00e9rie sur le vieillissement | Non Solum Data\",\"isPartOf\":{\"@id\":\"http:\/\/nonsolumdata.com\/blog\/en\/home\/#website\"},\"datePublished\":\"2018-05-08T23:04:31+00:00\",\"dateModified\":\"2019-04-11T14:35:08+00:00\",\"breadcrumb\":{\"@id\":\"http:\/\/nonsolumdata.com\/blog\/fr\/sante\/serie-sur-le-vieillissement\/#breadcrumb\"},\"inLanguage\":\"en-US\",\"potentialAction\":[{\"@type\":\"ReadAction\",\"target\":[\"http:\/\/nonsolumdata.com\/blog\/fr\/sante\/serie-sur-le-vieillissement\/\"]}]},{\"@type\":\"BreadcrumbList\",\"@id\":\"http:\/\/nonsolumdata.com\/blog\/fr\/sante\/serie-sur-le-vieillissement\/#breadcrumb\",\"itemListElement\":[{\"@type\":\"ListItem\",\"position\":1,\"name\":\"Home\",\"item\":\"http:\/\/nonsolumdata.com\/blog\/en\/home\/\"},{\"@type\":\"ListItem\",\"position\":2,\"name\":\"Sant\u00e9\",\"item\":\"http:\/\/nonsolumdata.com\/blog\/fr\/sante\/\"},{\"@type\":\"ListItem\",\"position\":3,\"name\":\"S\u00e9rie sur le vieillissement\"}]},{\"@type\":\"WebSite\",\"@id\":\"http:\/\/nonsolumdata.com\/blog\/en\/home\/#website\",\"url\":\"http:\/\/nonsolumdata.com\/blog\/en\/home\/\",\"name\":\"Non Solum Data\",\"description\":\"\",\"potentialAction\":[{\"@type\":\"SearchAction\",\"target\":{\"@type\":\"EntryPoint\",\"urlTemplate\":\"http:\/\/nonsolumdata.com\/blog\/en\/home\/?s={search_term_string}\"},\"query-input\":{\"@type\":\"PropertyValueSpecification\",\"valueRequired\":true,\"valueName\":\"search_term_string\"}}],\"inLanguage\":\"en-US\"}]}<\/script>\n<!-- \/ Yoast SEO plugin. -->","yoast_head_json":{"title":"S\u00e9rie sur le vieillissement | Non Solum Data","robots":{"index":"index","follow":"follow","max-snippet":"max-snippet:-1","max-image-preview":"max-image-preview:large","max-video-preview":"max-video-preview:-1"},"canonical":"http:\/\/nonsolumdata.com\/blog\/fr\/sante\/serie-sur-le-vieillissement\/","og_locale":"en_US","og_type":"article","og_title":"S\u00e9rie sur le vieillissement | Non Solum Data","og_description":"Vieillissement \u2013 l&#8217;ampleur du d\u00e9fi Toutes les soci\u00e9t\u00e9s de l&#8217;OCDE connaissent le vieillissement, tel que mesur\u00e9 par la proportion de la population \u00e2g\u00e9e de 65 ans et plus. Dans cette s\u00e9rie de posts, Patrice de Broucker examine la situation de quelques pays en se fondant sur des donn\u00e9es qui mesurent le ph\u00e9nom\u00e8ne depuis 1950 et &hellip; Continue reading S\u00e9rie sur le vieillissement","og_url":"http:\/\/nonsolumdata.com\/blog\/fr\/sante\/serie-sur-le-vieillissement\/","og_site_name":"Non Solum Data","article_publisher":"https:\/\/www.facebook.com\/nonsolumdata\/","article_modified_time":"2019-04-11T14:35:08+00:00","twitter_card":"summary_large_image","twitter_misc":{"Est. reading time":"1 minute"},"schema":{"@context":"https:\/\/schema.org","@graph":[{"@type":"WebPage","@id":"http:\/\/nonsolumdata.com\/blog\/fr\/sante\/serie-sur-le-vieillissement\/","url":"http:\/\/nonsolumdata.com\/blog\/fr\/sante\/serie-sur-le-vieillissement\/","name":"S\u00e9rie sur le vieillissement | Non Solum Data","isPartOf":{"@id":"http:\/\/nonsolumdata.com\/blog\/en\/home\/#website"},"datePublished":"2018-05-08T23:04:31+00:00","dateModified":"2019-04-11T14:35:08+00:00","breadcrumb":{"@id":"http:\/\/nonsolumdata.com\/blog\/fr\/sante\/serie-sur-le-vieillissement\/#breadcrumb"},"inLanguage":"en-US","potentialAction":[{"@type":"ReadAction","target":["http:\/\/nonsolumdata.com\/blog\/fr\/sante\/serie-sur-le-vieillissement\/"]}]},{"@type":"BreadcrumbList","@id":"http:\/\/nonsolumdata.com\/blog\/fr\/sante\/serie-sur-le-vieillissement\/#breadcrumb","itemListElement":[{"@type":"ListItem","position":1,"name":"Home","item":"http:\/\/nonsolumdata.com\/blog\/en\/home\/"},{"@type":"ListItem","position":2,"name":"Sant\u00e9","item":"http:\/\/nonsolumdata.com\/blog\/fr\/sante\/"},{"@type":"ListItem","position":3,"name":"S\u00e9rie sur le vieillissement"}]},{"@type":"WebSite","@id":"http:\/\/nonsolumdata.com\/blog\/en\/home\/#website","url":"http:\/\/nonsolumdata.com\/blog\/en\/home\/","name":"Non Solum Data","description":"","potentialAction":[{"@type":"SearchAction","target":{"@type":"EntryPoint","urlTemplate":"http:\/\/nonsolumdata.com\/blog\/en\/home\/?s={search_term_string}"},"query-input":{"@type":"PropertyValueSpecification","valueRequired":true,"valueName":"search_term_string"}}],"inLanguage":"en-US"}]}},"jetpack_sharing_enabled":true,"jetpack_shortlink":"https:\/\/wp.me\/P9WZB1-nv","_links":{"self":[{"href":"http:\/\/nonsolumdata.com\/blog\/wp-json\/wp\/v2\/pages\/1457","targetHints":{"allow":["GET"]}}],"collection":[{"href":"http:\/\/nonsolumdata.com\/blog\/wp-json\/wp\/v2\/pages"}],"about":[{"href":"http:\/\/nonsolumdata.com\/blog\/wp-json\/wp\/v2\/types\/page"}],"author":[{"embeddable":true,"href":"http:\/\/nonsolumdata.com\/blog\/wp-json\/wp\/v2\/users\/1"}],"replies":[{"embeddable":true,"href":"http:\/\/nonsolumdata.com\/blog\/wp-json\/wp\/v2\/comments?post=1457"}],"version-history":[{"count":1,"href":"http:\/\/nonsolumdata.com\/blog\/wp-json\/wp\/v2\/pages\/1457\/revisions"}],"predecessor-version":[{"id":2081,"href":"http:\/\/nonsolumdata.com\/blog\/wp-json\/wp\/v2\/pages\/1457\/revisions\/2081"}],"up":[{"embeddable":true,"href":"http:\/\/nonsolumdata.com\/blog\/wp-json\/wp\/v2\/pages\/1511"}],"wp:attachment":[{"href":"http:\/\/nonsolumdata.com\/blog\/wp-json\/wp\/v2\/media?parent=1457"}],"curies":[{"name":"wp","href":"https:\/\/api.w.org\/{rel}","templated":true}]}}