{"id":18,"date":"2016-01-03T03:28:47","date_gmt":"2016-01-03T08:28:47","guid":{"rendered":"http:\/\/nonsolumdata.com\/?page_id=18"},"modified":"2016-01-03T03:28:47","modified_gmt":"2016-01-03T08:28:47","slug":"a-propos","status":"publish","type":"page","link":"http:\/\/nonsolumdata.com\/blog\/fr\/a-propos\/","title":{"rendered":"\u00c0 propos"},"content":{"rendered":"<p><strong><em>Non solum data. Data sine monito oculo nihil sunt.<\/em><\/strong><br \/>\n<em>Ce ne sont pas seulement des donn\u00e9es. Les donn\u00e9es ne sont rien sans un regard averti.<\/em><\/p>\n<p>Comme nous nous investissons dans les domaines de l\u2019\u00e9ducation et de la sant\u00e9, nous nous int\u00e9ressons aux donn\u00e9es qui tombent sous nos yeux. Notre principal objectif dans ce Blog\/Site web est de les pr\u00e9senter avec notre touche personnelle qui refl\u00e8te notre approche et notre analyse des questions sous-jacentes.<\/p>\n<p>En discutant de la force et de l\u2019importance \u00e9conomique de l\u2019\u00e9vidence, nous souhaitons souligner l\u2019\u00e9vidence et les arguments qui peuvent \u00eatre fournis \u00e0 partir de celle-ci pour des organisations qui servent \u00e0 am\u00e9liorer le bien-\u00eatre des gens.<\/p>\n<h2>Qui sommes-nous ?<\/h2>\n<p><img data-recalc-dims=\"1\" loading=\"lazy\" decoding=\"async\" data-attachment-id=\"24\" data-permalink=\"http:\/\/nonsolumdata.com\/blog\/gp\/\" data-orig-file=\"https:\/\/i0.wp.com\/nonsolumdata.com\/blog\/wp-content\/uploads\/2016\/01\/GP.jpg?fit=960%2C640\" data-orig-size=\"960,640\" data-comments-opened=\"1\" data-image-meta=\"{&quot;aperture&quot;:&quot;0&quot;,&quot;credit&quot;:&quot;&quot;,&quot;camera&quot;:&quot;&quot;,&quot;caption&quot;:&quot;&quot;,&quot;created_timestamp&quot;:&quot;0&quot;,&quot;copyright&quot;:&quot;&quot;,&quot;focal_length&quot;:&quot;0&quot;,&quot;iso&quot;:&quot;0&quot;,&quot;shutter_speed&quot;:&quot;0&quot;,&quot;title&quot;:&quot;&quot;,&quot;orientation&quot;:&quot;0&quot;}\" data-image-title=\"Gatien and Patrice\" data-image-description=\"\" data-image-caption=\"\" data-medium-file=\"https:\/\/i0.wp.com\/nonsolumdata.com\/blog\/wp-content\/uploads\/2016\/01\/GP.jpg?fit=300%2C200\" data-large-file=\"https:\/\/i0.wp.com\/nonsolumdata.com\/blog\/wp-content\/uploads\/2016\/01\/GP.jpg?fit=685%2C457\" class=\"alignleft size-medium wp-image-24\" src=\"https:\/\/i0.wp.com\/nonsolumdata.com\/wp-content\/uploads\/2016\/01\/GP-300x200.jpg?resize=300%2C200\" alt=\"Gatien and Patrice\" width=\"300\" height=\"200\" srcset=\"https:\/\/i0.wp.com\/nonsolumdata.com\/blog\/wp-content\/uploads\/2016\/01\/GP.jpg?resize=300%2C200 300w, https:\/\/i0.wp.com\/nonsolumdata.com\/blog\/wp-content\/uploads\/2016\/01\/GP.jpg?resize=768%2C512 768w, https:\/\/i0.wp.com\/nonsolumdata.com\/blog\/wp-content\/uploads\/2016\/01\/GP.jpg?resize=685%2C457 685w, https:\/\/i0.wp.com\/nonsolumdata.com\/blog\/wp-content\/uploads\/2016\/01\/GP.jpg?resize=342%2C228 342w, https:\/\/i0.wp.com\/nonsolumdata.com\/blog\/wp-content\/uploads\/2016\/01\/GP.jpg?w=960 960w\" sizes=\"auto, (max-width: 300px) 100vw, 300px\" \/>Nous sommes deux \u00e9conomistes, p\u00e8re et fils, qui collaborons. Patrice apporte une exp\u00e9rience riche de ses diff\u00e9rents postes au Canada, en France et au Japon, et avec l\u2019OCDE \u2013 exp\u00e9rience centr\u00e9e sur les probl\u00e8mes du march\u00e9 du travail, l\u2019\u00e9ducation et la formation des adultes dans un contexte de comparaison internationale (voir le profil <a href=\"http:\/\/nonsolumdata.com\/fr\/auteur-patrice\/\" target=\"_blank\">ici<\/a>). Gatien est un \u00ab petit nouveau \u00bb, \u00c9conomiste de la sant\u00e9 en devenir, mais n\u00e9anmoins avec une exp\u00e9rience \u00e0 l\u2019O.M.S. (\u00e0 Kob\u00e9, Japon), l\u2019Universit\u00e9 d\u2019Ottawa et l\u2019Universit\u00e9 Johns Hopkins. Il se passionne pour la litt\u00e9ratie en sant\u00e9 et l\u2019analyse des syst\u00e8mes de sant\u00e9.<\/p>\n<p>Avec la collaboration de nos esprits (et de nos amis), nous esp\u00e9rons apporter des points de vue int\u00e9ressants et av\u00e9r\u00e9s sur l\u2019\u00e9ducation, les comp\u00e9tences humaines, le travail et la sant\u00e9 vus dans une perspective \u00e9conomique. Nous pr\u00e9senterons des r\u00e9sultats (et parfois l\u2019absence de r\u00e9sultats) d\u2019\u00e9tudes importantes (par exemple, PIAAC), en faisant des comptes rendus sur des documents \u00e9manant d\u2019institutions \u00e9conomiques et en suivant les publications de donn\u00e9es-cl\u00e9s. Nous vous invitons chaleureusement \u00e0 apporter des commentaires et <a href=\"http:\/\/nonsolumdata.com\/en\/submitting-a-guest-contribution\/\">des contributions originales<\/a>.<\/p>\n<p>&nbsp;<\/p>\n","protected":false},"excerpt":{"rendered":"<p>Non solum data. Data sine monito oculo nihil sunt. Ce ne sont pas seulement des donn\u00e9es. Les donn\u00e9es ne sont rien sans un regard averti. Comme nous nous investissons dans les domaines de l\u2019\u00e9ducation et de la sant\u00e9, nous nous int\u00e9ressons aux donn\u00e9es qui tombent sous nos yeux. Notre principal objectif dans ce Blog\/Site web &hellip; <a href=\"http:\/\/nonsolumdata.com\/blog\/fr\/a-propos\/\" class=\"more-link\">Continue reading <span class=\"screen-reader-text\">\u00c0 propos<\/span><\/a><\/p>\n","protected":false},"author":1,"featured_media":0,"parent":0,"menu_order":0,"comment_status":"closed","ping_status":"closed","template":"","meta":{"jetpack_post_was_ever_published":false,"footnotes":""},"class_list":["post-18","page","type-page","status-publish","hentry"],"yoast_head":"<!-- This site is optimized with the Yoast SEO plugin v27.2 - https:\/\/yoast.com\/product\/yoast-seo-wordpress\/ -->\n<title>\u00c0 propos | Non Solum Data<\/title>\n<meta name=\"robots\" content=\"index, follow, max-snippet:-1, max-image-preview:large, max-video-preview:-1\" \/>\n<link rel=\"canonical\" href=\"http:\/\/nonsolumdata.com\/blog\/fr\/a-propos\/\" \/>\n<meta property=\"og:locale\" content=\"en_US\" \/>\n<meta property=\"og:type\" content=\"article\" \/>\n<meta property=\"og:title\" content=\"\u00c0 propos | Non Solum Data\" \/>\n<meta property=\"og:description\" content=\"Non solum data. Data sine monito oculo nihil sunt. Ce ne sont pas seulement des donn\u00e9es. Les donn\u00e9es ne sont rien sans un regard averti. Comme nous nous investissons dans les domaines de l\u2019\u00e9ducation et de la sant\u00e9, nous nous int\u00e9ressons aux donn\u00e9es qui tombent sous nos yeux. Notre principal objectif dans ce Blog\/Site web &hellip; Continue reading \u00c0 propos\" \/>\n<meta property=\"og:url\" content=\"http:\/\/nonsolumdata.com\/blog\/fr\/a-propos\/\" \/>\n<meta property=\"og:site_name\" content=\"Non Solum Data\" \/>\n<meta property=\"article:publisher\" content=\"https:\/\/www.facebook.com\/nonsolumdata\/\" \/>\n<meta property=\"og:image\" content=\"http:\/\/nonsolumdata.com\/wp-content\/uploads\/2016\/01\/GP-300x200.jpg\" \/>\n<meta name=\"twitter:card\" content=\"summary_large_image\" \/>\n<meta name=\"twitter:label1\" content=\"Est. reading time\" \/>\n\t<meta name=\"twitter:data1\" content=\"2 minutes\" \/>\n<script type=\"application\/ld+json\" class=\"yoast-schema-graph\">{\"@context\":\"https:\/\/schema.org\",\"@graph\":[{\"@type\":\"WebPage\",\"@id\":\"http:\/\/nonsolumdata.com\/blog\/fr\/a-propos\/\",\"url\":\"http:\/\/nonsolumdata.com\/blog\/fr\/a-propos\/\",\"name\":\"\u00c0 propos | Non Solum Data\",\"isPartOf\":{\"@id\":\"http:\/\/nonsolumdata.com\/blog\/en\/home\/#website\"},\"primaryImageOfPage\":{\"@id\":\"http:\/\/nonsolumdata.com\/blog\/fr\/a-propos\/#primaryimage\"},\"image\":{\"@id\":\"http:\/\/nonsolumdata.com\/blog\/fr\/a-propos\/#primaryimage\"},\"thumbnailUrl\":\"http:\/\/nonsolumdata.com\/wp-content\/uploads\/2016\/01\/GP-300x200.jpg\",\"datePublished\":\"2016-01-03T08:28:47+00:00\",\"breadcrumb\":{\"@id\":\"http:\/\/nonsolumdata.com\/blog\/fr\/a-propos\/#breadcrumb\"},\"inLanguage\":\"en-US\",\"potentialAction\":[{\"@type\":\"ReadAction\",\"target\":[\"http:\/\/nonsolumdata.com\/blog\/fr\/a-propos\/\"]}]},{\"@type\":\"ImageObject\",\"inLanguage\":\"en-US\",\"@id\":\"http:\/\/nonsolumdata.com\/blog\/fr\/a-propos\/#primaryimage\",\"url\":\"http:\/\/nonsolumdata.com\/wp-content\/uploads\/2016\/01\/GP-300x200.jpg\",\"contentUrl\":\"http:\/\/nonsolumdata.com\/wp-content\/uploads\/2016\/01\/GP-300x200.jpg\"},{\"@type\":\"BreadcrumbList\",\"@id\":\"http:\/\/nonsolumdata.com\/blog\/fr\/a-propos\/#breadcrumb\",\"itemListElement\":[{\"@type\":\"ListItem\",\"position\":1,\"name\":\"Home\",\"item\":\"http:\/\/nonsolumdata.com\/blog\/en\/home\/\"},{\"@type\":\"ListItem\",\"position\":2,\"name\":\"\u00c0 propos\"}]},{\"@type\":\"WebSite\",\"@id\":\"http:\/\/nonsolumdata.com\/blog\/en\/home\/#website\",\"url\":\"http:\/\/nonsolumdata.com\/blog\/en\/home\/\",\"name\":\"Non Solum Data\",\"description\":\"\",\"potentialAction\":[{\"@type\":\"SearchAction\",\"target\":{\"@type\":\"EntryPoint\",\"urlTemplate\":\"http:\/\/nonsolumdata.com\/blog\/en\/home\/?s={search_term_string}\"},\"query-input\":{\"@type\":\"PropertyValueSpecification\",\"valueRequired\":true,\"valueName\":\"search_term_string\"}}],\"inLanguage\":\"en-US\"}]}<\/script>\n<!-- \/ Yoast SEO plugin. -->","yoast_head_json":{"title":"\u00c0 propos | Non Solum Data","robots":{"index":"index","follow":"follow","max-snippet":"max-snippet:-1","max-image-preview":"max-image-preview:large","max-video-preview":"max-video-preview:-1"},"canonical":"http:\/\/nonsolumdata.com\/blog\/fr\/a-propos\/","og_locale":"en_US","og_type":"article","og_title":"\u00c0 propos | Non Solum Data","og_description":"Non solum data. Data sine monito oculo nihil sunt. Ce ne sont pas seulement des donn\u00e9es. Les donn\u00e9es ne sont rien sans un regard averti. Comme nous nous investissons dans les domaines de l\u2019\u00e9ducation et de la sant\u00e9, nous nous int\u00e9ressons aux donn\u00e9es qui tombent sous nos yeux. Notre principal objectif dans ce Blog\/Site web &hellip; Continue reading \u00c0 propos","og_url":"http:\/\/nonsolumdata.com\/blog\/fr\/a-propos\/","og_site_name":"Non Solum Data","article_publisher":"https:\/\/www.facebook.com\/nonsolumdata\/","og_image":[{"url":"http:\/\/nonsolumdata.com\/wp-content\/uploads\/2016\/01\/GP-300x200.jpg","type":"","width":"","height":""}],"twitter_card":"summary_large_image","twitter_misc":{"Est. reading time":"2 minutes"},"schema":{"@context":"https:\/\/schema.org","@graph":[{"@type":"WebPage","@id":"http:\/\/nonsolumdata.com\/blog\/fr\/a-propos\/","url":"http:\/\/nonsolumdata.com\/blog\/fr\/a-propos\/","name":"\u00c0 propos | Non Solum Data","isPartOf":{"@id":"http:\/\/nonsolumdata.com\/blog\/en\/home\/#website"},"primaryImageOfPage":{"@id":"http:\/\/nonsolumdata.com\/blog\/fr\/a-propos\/#primaryimage"},"image":{"@id":"http:\/\/nonsolumdata.com\/blog\/fr\/a-propos\/#primaryimage"},"thumbnailUrl":"http:\/\/nonsolumdata.com\/wp-content\/uploads\/2016\/01\/GP-300x200.jpg","datePublished":"2016-01-03T08:28:47+00:00","breadcrumb":{"@id":"http:\/\/nonsolumdata.com\/blog\/fr\/a-propos\/#breadcrumb"},"inLanguage":"en-US","potentialAction":[{"@type":"ReadAction","target":["http:\/\/nonsolumdata.com\/blog\/fr\/a-propos\/"]}]},{"@type":"ImageObject","inLanguage":"en-US","@id":"http:\/\/nonsolumdata.com\/blog\/fr\/a-propos\/#primaryimage","url":"http:\/\/nonsolumdata.com\/wp-content\/uploads\/2016\/01\/GP-300x200.jpg","contentUrl":"http:\/\/nonsolumdata.com\/wp-content\/uploads\/2016\/01\/GP-300x200.jpg"},{"@type":"BreadcrumbList","@id":"http:\/\/nonsolumdata.com\/blog\/fr\/a-propos\/#breadcrumb","itemListElement":[{"@type":"ListItem","position":1,"name":"Home","item":"http:\/\/nonsolumdata.com\/blog\/en\/home\/"},{"@type":"ListItem","position":2,"name":"\u00c0 propos"}]},{"@type":"WebSite","@id":"http:\/\/nonsolumdata.com\/blog\/en\/home\/#website","url":"http:\/\/nonsolumdata.com\/blog\/en\/home\/","name":"Non Solum Data","description":"","potentialAction":[{"@type":"SearchAction","target":{"@type":"EntryPoint","urlTemplate":"http:\/\/nonsolumdata.com\/blog\/en\/home\/?s={search_term_string}"},"query-input":{"@type":"PropertyValueSpecification","valueRequired":true,"valueName":"search_term_string"}}],"inLanguage":"en-US"}]}},"jetpack_sharing_enabled":true,"jetpack_shortlink":"https:\/\/wp.me\/P9WZB1-i","_links":{"self":[{"href":"http:\/\/nonsolumdata.com\/blog\/wp-json\/wp\/v2\/pages\/18","targetHints":{"allow":["GET"]}}],"collection":[{"href":"http:\/\/nonsolumdata.com\/blog\/wp-json\/wp\/v2\/pages"}],"about":[{"href":"http:\/\/nonsolumdata.com\/blog\/wp-json\/wp\/v2\/types\/page"}],"author":[{"embeddable":true,"href":"http:\/\/nonsolumdata.com\/blog\/wp-json\/wp\/v2\/users\/1"}],"replies":[{"embeddable":true,"href":"http:\/\/nonsolumdata.com\/blog\/wp-json\/wp\/v2\/comments?post=18"}],"version-history":[{"count":0,"href":"http:\/\/nonsolumdata.com\/blog\/wp-json\/wp\/v2\/pages\/18\/revisions"}],"wp:attachment":[{"href":"http:\/\/nonsolumdata.com\/blog\/wp-json\/wp\/v2\/media?parent=18"}],"curies":[{"name":"wp","href":"https:\/\/api.w.org\/{rel}","templated":true}]}}