{"id":474,"date":"2016-05-08T18:04:35","date_gmt":"2016-05-08T22:04:35","guid":{"rendered":"http:\/\/nonsolumdata.com\/?page_id=474"},"modified":"2016-05-08T18:04:35","modified_gmt":"2016-05-08T22:04:35","slug":"auteur-patrice","status":"publish","type":"page","link":"http:\/\/nonsolumdata.com\/blog\/fr\/a-propos\/auteur-patrice\/","title":{"rendered":"Auteur &#8211; Patrice"},"content":{"rendered":"<section id=\"builder-section-1462647722327\" class=\"builder-section builder-section-first builder-section-text builder-section-last builder-text-columns-1\">\n<div class=\"builder-section-content\">\n<div id=\"builder-section-1462647722327-column-1\" class=\"builder-text-column builder-text-column-1\">\n<div class=\"builder-text-content\">\n<h2><img data-recalc-dims=\"1\" loading=\"lazy\" decoding=\"async\" data-attachment-id=\"1357\" data-permalink=\"http:\/\/nonsolumdata.com\/blog\/2017-10-29-15-13-07-2-5\/\" data-orig-file=\"https:\/\/i0.wp.com\/nonsolumdata.com\/blog\/wp-content\/uploads\/2018\/01\/2017-10-29-15.13.07-2-2.jpg?fit=%2C\" data-orig-size=\"\" data-comments-opened=\"1\" data-image-meta=\"[]\" data-image-title=\"2017-10-29 15.13.07 (2)\" data-image-description=\"\" data-image-caption=\"\" data-medium-file=\"https:\/\/i0.wp.com\/nonsolumdata.com\/blog\/wp-content\/uploads\/2018\/01\/2017-10-29-15.13.07-2-2.jpg?fit=300%2C300\" data-large-file=\"https:\/\/i0.wp.com\/nonsolumdata.com\/blog\/wp-content\/uploads\/2018\/01\/2017-10-29-15.13.07-2-2.jpg?fit=1024%2C1024\" class=\"alignleft  wp-image-1357\" src=\"https:\/\/i0.wp.com\/nonsolumdata.com\/wp-content\/uploads\/2018\/01\/2017-10-29-15.13.07-2-2-595x595.jpg?resize=240%2C240\" alt=\"\" width=\"240\" height=\"240\" \/>Patrice de Broucker<\/h2>\n<p>Bonjour,<\/p>\n<p>Je suis \u00e9conomiste du travail et de l&#8217;\u00e9ducation.<\/p>\n<p>Je collabore depuis de nombreuses ann\u00e9es au projet de l&#8217;OCDE sur les indicateurs de l&#8217;\u00e9ducation; jusqu&#8217;\u00e0 la fin de 2016, j&#8217;ai pr\u00e9sid\u00e9 l&#8217;un de ses deux r\u00e9seaux de d\u00e9veloppement d&#8217;indicateurs de l&#8217;\u00e9ducation (le R\u00e9seau INES sur les retomb\u00e9es professionnelles, \u00e9conomiques et sociales de l&#8217;apprentissage [R\u00e9seau LSO]), ceux que l&#8217;on retrouve dans la publication phare de l&#8217;OCDE <em>Regards sur l&#8217;\u00e9ducation<\/em>.<\/p>\n<p>Au cours des plus de 35 derni\u00e8res ann\u00e9es, j&#8217;ai travaill\u00e9 au Conseil \u00e9conomique du Canada (1979-1985 et 1990-1992), dans la Division des politiques de l&#8217;emploi de l&#8217;Organisation de Coop\u00e9ration et de D\u00e9veloppement \u00c9conomiques [OCDE] (1985-1987), comme chercheur associ\u00e9 au Japan Institute of Labour, Tokyo, Japon (1988-1990), \u00e0 la Commission canadienne de mise en valeur de la main-d&#8217;\u0153uvre (1993-1995), \u00e0 Statistique Canada (1995-2003 et 2006-2012, essentiellement dirigeant le d\u00e9veloppement des indicateurs de l&#8217;\u00e9ducation), et aux R\u00e9seaux canadiens de recherche en politiques publiques (RCRPP\/CPRN, 2003-2006).<\/p>\n<p>Mes activit\u00e9s de recherche ont couvert de nombreuses questions relatives aux ressources humaines, telles que les transitions de l&#8217;\u00e9cole \u00e0 l&#8217;emploi, le march\u00e9 du travail des jeunes, la dynamique du march\u00e9 du travail, le d\u00e9veloppement du capital humain, les d\u00e9terminants des performances scolaires; ces questions \u00e9taient approch\u00e9es aussi bien dans des contextes nationaux qu&#8217; en comparaisons internationales. Plusieurs de mes articles ou autres documents sont disponibles \u00e0 travers le site <a href=\"https:\/\/www.researchgate.net\/\" target=\"_blank\" rel=\"noopener\">ResearchGate<\/a>.<\/p>\n<p>J&#8217;ai obtenu un doctorat en Politique \u00e9conomique et sociale compar\u00e9e de l&#8217;Universit\u00e9 Paris IX-Dauphine, France.<\/p>\n<\/div>\n<\/div>\n<\/div>\n<\/section>\n","protected":false},"excerpt":{"rendered":"<p>Patrice de Broucker Bonjour, Je suis \u00e9conomiste du travail et de l&#8217;\u00e9ducation. Je collabore depuis de nombreuses ann\u00e9es au projet de l&#8217;OCDE sur les indicateurs de l&#8217;\u00e9ducation; jusqu&#8217;\u00e0 la fin de 2016, j&#8217;ai pr\u00e9sid\u00e9 l&#8217;un de ses deux r\u00e9seaux de d\u00e9veloppement d&#8217;indicateurs de l&#8217;\u00e9ducation (le R\u00e9seau INES sur les retomb\u00e9es professionnelles, \u00e9conomiques et sociales de &hellip; <a href=\"http:\/\/nonsolumdata.com\/blog\/fr\/a-propos\/auteur-patrice\/\" class=\"more-link\">Continue reading <span class=\"screen-reader-text\">Auteur &#8211; Patrice<\/span><\/a><\/p>\n","protected":false},"author":2,"featured_media":0,"parent":18,"menu_order":0,"comment_status":"closed","ping_status":"closed","template":"","meta":{"jetpack_post_was_ever_published":false,"footnotes":""},"class_list":["post-474","page","type-page","status-publish","hentry"],"yoast_head":"<!-- This site is optimized with the Yoast SEO plugin v27.2 - https:\/\/yoast.com\/product\/yoast-seo-wordpress\/ -->\n<title>Auteur - Patrice | Non Solum Data<\/title>\n<meta name=\"robots\" content=\"index, follow, max-snippet:-1, max-image-preview:large, max-video-preview:-1\" \/>\n<link rel=\"canonical\" href=\"http:\/\/nonsolumdata.com\/blog\/fr\/a-propos\/auteur-patrice\/\" \/>\n<meta property=\"og:locale\" content=\"en_US\" \/>\n<meta property=\"og:type\" content=\"article\" \/>\n<meta property=\"og:title\" content=\"Auteur - Patrice | Non Solum Data\" \/>\n<meta property=\"og:description\" content=\"Patrice de Broucker Bonjour, Je suis \u00e9conomiste du travail et de l&#8217;\u00e9ducation. Je collabore depuis de nombreuses ann\u00e9es au projet de l&#8217;OCDE sur les indicateurs de l&#8217;\u00e9ducation; jusqu&#8217;\u00e0 la fin de 2016, j&#8217;ai pr\u00e9sid\u00e9 l&#8217;un de ses deux r\u00e9seaux de d\u00e9veloppement d&#8217;indicateurs de l&#8217;\u00e9ducation (le R\u00e9seau INES sur les retomb\u00e9es professionnelles, \u00e9conomiques et sociales de &hellip; Continue reading Auteur &#8211; Patrice\" \/>\n<meta property=\"og:url\" content=\"http:\/\/nonsolumdata.com\/blog\/fr\/a-propos\/auteur-patrice\/\" \/>\n<meta property=\"og:site_name\" content=\"Non Solum Data\" \/>\n<meta property=\"article:publisher\" content=\"https:\/\/www.facebook.com\/nonsolumdata\/\" \/>\n<meta property=\"og:image\" content=\"http:\/\/nonsolumdata.com\/wp-content\/uploads\/2018\/01\/2017-10-29-15.13.07-2-2-595x595.jpg\" \/>\n<meta name=\"twitter:card\" content=\"summary_large_image\" \/>\n<meta name=\"twitter:label1\" content=\"Est. reading time\" \/>\n\t<meta name=\"twitter:data1\" content=\"1 minute\" \/>\n<script type=\"application\/ld+json\" class=\"yoast-schema-graph\">{\"@context\":\"https:\/\/schema.org\",\"@graph\":[{\"@type\":\"WebPage\",\"@id\":\"http:\/\/nonsolumdata.com\/blog\/fr\/a-propos\/auteur-patrice\/\",\"url\":\"http:\/\/nonsolumdata.com\/blog\/fr\/a-propos\/auteur-patrice\/\",\"name\":\"Auteur - Patrice | Non Solum Data\",\"isPartOf\":{\"@id\":\"http:\/\/nonsolumdata.com\/blog\/en\/home\/#website\"},\"primaryImageOfPage\":{\"@id\":\"http:\/\/nonsolumdata.com\/blog\/fr\/a-propos\/auteur-patrice\/#primaryimage\"},\"image\":{\"@id\":\"http:\/\/nonsolumdata.com\/blog\/fr\/a-propos\/auteur-patrice\/#primaryimage\"},\"thumbnailUrl\":\"http:\/\/nonsolumdata.com\/wp-content\/uploads\/2018\/01\/2017-10-29-15.13.07-2-2-595x595.jpg\",\"datePublished\":\"2016-05-08T22:04:35+00:00\",\"breadcrumb\":{\"@id\":\"http:\/\/nonsolumdata.com\/blog\/fr\/a-propos\/auteur-patrice\/#breadcrumb\"},\"inLanguage\":\"en-US\",\"potentialAction\":[{\"@type\":\"ReadAction\",\"target\":[\"http:\/\/nonsolumdata.com\/blog\/fr\/a-propos\/auteur-patrice\/\"]}]},{\"@type\":\"ImageObject\",\"inLanguage\":\"en-US\",\"@id\":\"http:\/\/nonsolumdata.com\/blog\/fr\/a-propos\/auteur-patrice\/#primaryimage\",\"url\":\"http:\/\/nonsolumdata.com\/wp-content\/uploads\/2018\/01\/2017-10-29-15.13.07-2-2-595x595.jpg\",\"contentUrl\":\"http:\/\/nonsolumdata.com\/wp-content\/uploads\/2018\/01\/2017-10-29-15.13.07-2-2-595x595.jpg\"},{\"@type\":\"BreadcrumbList\",\"@id\":\"http:\/\/nonsolumdata.com\/blog\/fr\/a-propos\/auteur-patrice\/#breadcrumb\",\"itemListElement\":[{\"@type\":\"ListItem\",\"position\":1,\"name\":\"Home\",\"item\":\"http:\/\/nonsolumdata.com\/blog\/en\/home\/\"},{\"@type\":\"ListItem\",\"position\":2,\"name\":\"\u00c0 propos\",\"item\":\"http:\/\/nonsolumdata.com\/blog\/fr\/a-propos\/\"},{\"@type\":\"ListItem\",\"position\":3,\"name\":\"Auteur &#8211; Patrice\"}]},{\"@type\":\"WebSite\",\"@id\":\"http:\/\/nonsolumdata.com\/blog\/en\/home\/#website\",\"url\":\"http:\/\/nonsolumdata.com\/blog\/en\/home\/\",\"name\":\"Non Solum Data\",\"description\":\"\",\"potentialAction\":[{\"@type\":\"SearchAction\",\"target\":{\"@type\":\"EntryPoint\",\"urlTemplate\":\"http:\/\/nonsolumdata.com\/blog\/en\/home\/?s={search_term_string}\"},\"query-input\":{\"@type\":\"PropertyValueSpecification\",\"valueRequired\":true,\"valueName\":\"search_term_string\"}}],\"inLanguage\":\"en-US\"}]}<\/script>\n<!-- \/ Yoast SEO plugin. -->","yoast_head_json":{"title":"Auteur - Patrice | Non Solum Data","robots":{"index":"index","follow":"follow","max-snippet":"max-snippet:-1","max-image-preview":"max-image-preview:large","max-video-preview":"max-video-preview:-1"},"canonical":"http:\/\/nonsolumdata.com\/blog\/fr\/a-propos\/auteur-patrice\/","og_locale":"en_US","og_type":"article","og_title":"Auteur - Patrice | Non Solum Data","og_description":"Patrice de Broucker Bonjour, Je suis \u00e9conomiste du travail et de l&#8217;\u00e9ducation. Je collabore depuis de nombreuses ann\u00e9es au projet de l&#8217;OCDE sur les indicateurs de l&#8217;\u00e9ducation; jusqu&#8217;\u00e0 la fin de 2016, j&#8217;ai pr\u00e9sid\u00e9 l&#8217;un de ses deux r\u00e9seaux de d\u00e9veloppement d&#8217;indicateurs de l&#8217;\u00e9ducation (le R\u00e9seau INES sur les retomb\u00e9es professionnelles, \u00e9conomiques et sociales de &hellip; Continue reading Auteur &#8211; Patrice","og_url":"http:\/\/nonsolumdata.com\/blog\/fr\/a-propos\/auteur-patrice\/","og_site_name":"Non Solum Data","article_publisher":"https:\/\/www.facebook.com\/nonsolumdata\/","og_image":[{"url":"http:\/\/nonsolumdata.com\/wp-content\/uploads\/2018\/01\/2017-10-29-15.13.07-2-2-595x595.jpg","type":"","width":"","height":""}],"twitter_card":"summary_large_image","twitter_misc":{"Est. reading time":"1 minute"},"schema":{"@context":"https:\/\/schema.org","@graph":[{"@type":"WebPage","@id":"http:\/\/nonsolumdata.com\/blog\/fr\/a-propos\/auteur-patrice\/","url":"http:\/\/nonsolumdata.com\/blog\/fr\/a-propos\/auteur-patrice\/","name":"Auteur - Patrice | Non Solum Data","isPartOf":{"@id":"http:\/\/nonsolumdata.com\/blog\/en\/home\/#website"},"primaryImageOfPage":{"@id":"http:\/\/nonsolumdata.com\/blog\/fr\/a-propos\/auteur-patrice\/#primaryimage"},"image":{"@id":"http:\/\/nonsolumdata.com\/blog\/fr\/a-propos\/auteur-patrice\/#primaryimage"},"thumbnailUrl":"http:\/\/nonsolumdata.com\/wp-content\/uploads\/2018\/01\/2017-10-29-15.13.07-2-2-595x595.jpg","datePublished":"2016-05-08T22:04:35+00:00","breadcrumb":{"@id":"http:\/\/nonsolumdata.com\/blog\/fr\/a-propos\/auteur-patrice\/#breadcrumb"},"inLanguage":"en-US","potentialAction":[{"@type":"ReadAction","target":["http:\/\/nonsolumdata.com\/blog\/fr\/a-propos\/auteur-patrice\/"]}]},{"@type":"ImageObject","inLanguage":"en-US","@id":"http:\/\/nonsolumdata.com\/blog\/fr\/a-propos\/auteur-patrice\/#primaryimage","url":"http:\/\/nonsolumdata.com\/wp-content\/uploads\/2018\/01\/2017-10-29-15.13.07-2-2-595x595.jpg","contentUrl":"http:\/\/nonsolumdata.com\/wp-content\/uploads\/2018\/01\/2017-10-29-15.13.07-2-2-595x595.jpg"},{"@type":"BreadcrumbList","@id":"http:\/\/nonsolumdata.com\/blog\/fr\/a-propos\/auteur-patrice\/#breadcrumb","itemListElement":[{"@type":"ListItem","position":1,"name":"Home","item":"http:\/\/nonsolumdata.com\/blog\/en\/home\/"},{"@type":"ListItem","position":2,"name":"\u00c0 propos","item":"http:\/\/nonsolumdata.com\/blog\/fr\/a-propos\/"},{"@type":"ListItem","position":3,"name":"Auteur &#8211; Patrice"}]},{"@type":"WebSite","@id":"http:\/\/nonsolumdata.com\/blog\/en\/home\/#website","url":"http:\/\/nonsolumdata.com\/blog\/en\/home\/","name":"Non Solum Data","description":"","potentialAction":[{"@type":"SearchAction","target":{"@type":"EntryPoint","urlTemplate":"http:\/\/nonsolumdata.com\/blog\/en\/home\/?s={search_term_string}"},"query-input":{"@type":"PropertyValueSpecification","valueRequired":true,"valueName":"search_term_string"}}],"inLanguage":"en-US"}]}},"jetpack_sharing_enabled":true,"jetpack_shortlink":"https:\/\/wp.me\/P9WZB1-7E","_links":{"self":[{"href":"http:\/\/nonsolumdata.com\/blog\/wp-json\/wp\/v2\/pages\/474","targetHints":{"allow":["GET"]}}],"collection":[{"href":"http:\/\/nonsolumdata.com\/blog\/wp-json\/wp\/v2\/pages"}],"about":[{"href":"http:\/\/nonsolumdata.com\/blog\/wp-json\/wp\/v2\/types\/page"}],"author":[{"embeddable":true,"href":"http:\/\/nonsolumdata.com\/blog\/wp-json\/wp\/v2\/users\/2"}],"replies":[{"embeddable":true,"href":"http:\/\/nonsolumdata.com\/blog\/wp-json\/wp\/v2\/comments?post=474"}],"version-history":[{"count":0,"href":"http:\/\/nonsolumdata.com\/blog\/wp-json\/wp\/v2\/pages\/474\/revisions"}],"up":[{"embeddable":true,"href":"http:\/\/nonsolumdata.com\/blog\/wp-json\/wp\/v2\/pages\/18"}],"wp:attachment":[{"href":"http:\/\/nonsolumdata.com\/blog\/wp-json\/wp\/v2\/media?parent=474"}],"curies":[{"name":"wp","href":"https:\/\/api.w.org\/{rel}","templated":true}]}}