{"id":591,"date":"2016-05-22T17:32:04","date_gmt":"2016-05-22T21:32:04","guid":{"rendered":"http:\/\/nonsolumdata.com\/?page_id=314"},"modified":"2016-05-22T17:32:04","modified_gmt":"2016-05-22T21:32:04","slug":"accueil","status":"publish","type":"page","link":"http:\/\/nonsolumdata.com\/blog\/fr\/accueil\/","title":{"rendered":"Accueil"},"content":{"rendered":"<p style=\"text-align: center;\"><strong><em>Non solum data. Data sine monito oculo nihil sunt.<\/em><\/strong><br \/>\n<em>Ce ne sont pas seulement des donn\u00e9es. Les donn\u00e9es ne sont rien sans un regard averti.<\/em><\/p>\n<p>Comme nous nous investissons dans les domaines de l\u2019\u00e9ducation et de la sant\u00e9, nous nous int\u00e9ressons aux donn\u00e9es qui tombent sous nos yeux. Notre principal objectif dans ce Blog\/Site web est de les pr\u00e9senter avec notre touche personnelle qui refl\u00e8te notre approche et notre analyse des questions sous-jacentes.<\/p>\n","protected":false},"excerpt":{"rendered":"<p>Non solum data. Data sine monito oculo nihil sunt. Ce ne sont pas seulement des donn\u00e9es. Les donn\u00e9es ne sont rien sans un regard averti. Comme nous nous investissons dans les domaines de l\u2019\u00e9ducation et de la sant\u00e9, nous nous int\u00e9ressons aux donn\u00e9es qui tombent sous nos yeux. Notre principal objectif dans ce Blog\/Site web &hellip; <a href=\"http:\/\/nonsolumdata.com\/blog\/fr\/accueil\/\" class=\"more-link\">Continue reading <span class=\"screen-reader-text\">Accueil<\/span><\/a><\/p>\n","protected":false},"author":1,"featured_media":0,"parent":0,"menu_order":0,"comment_status":"closed","ping_status":"closed","template":"","meta":{"jetpack_post_was_ever_published":false,"footnotes":""},"class_list":["post-591","page","type-page","status-publish","hentry"],"yoast_head":"<!-- This site is optimized with the Yoast SEO plugin v27.2 - https:\/\/yoast.com\/product\/yoast-seo-wordpress\/ -->\n<title>Accueil | Non Solum Data<\/title>\n<meta name=\"robots\" content=\"index, follow, max-snippet:-1, max-image-preview:large, max-video-preview:-1\" \/>\n<link rel=\"canonical\" href=\"http:\/\/nonsolumdata.com\/blog\/fr\/accueil\/\" \/>\n<meta property=\"og:locale\" content=\"en_US\" \/>\n<meta property=\"og:type\" content=\"article\" \/>\n<meta property=\"og:title\" content=\"Accueil | Non Solum Data\" \/>\n<meta property=\"og:description\" content=\"Non solum data. Data sine monito oculo nihil sunt. Ce ne sont pas seulement des donn\u00e9es. Les donn\u00e9es ne sont rien sans un regard averti. Comme nous nous investissons dans les domaines de l\u2019\u00e9ducation et de la sant\u00e9, nous nous int\u00e9ressons aux donn\u00e9es qui tombent sous nos yeux. Notre principal objectif dans ce Blog\/Site web &hellip; Continue reading Accueil\" \/>\n<meta property=\"og:url\" content=\"http:\/\/nonsolumdata.com\/blog\/fr\/accueil\/\" \/>\n<meta property=\"og:site_name\" content=\"Non Solum Data\" \/>\n<meta property=\"article:publisher\" content=\"https:\/\/www.facebook.com\/nonsolumdata\/\" \/>\n<meta name=\"twitter:card\" content=\"summary_large_image\" \/>\n<script type=\"application\/ld+json\" class=\"yoast-schema-graph\">{\"@context\":\"https:\/\/schema.org\",\"@graph\":[{\"@type\":\"WebPage\",\"@id\":\"http:\/\/nonsolumdata.com\/blog\/fr\/accueil\/\",\"url\":\"http:\/\/nonsolumdata.com\/blog\/fr\/accueil\/\",\"name\":\"Accueil | Non Solum Data\",\"isPartOf\":{\"@id\":\"http:\/\/nonsolumdata.com\/blog\/en\/home\/#website\"},\"datePublished\":\"2016-05-22T21:32:04+00:00\",\"breadcrumb\":{\"@id\":\"http:\/\/nonsolumdata.com\/blog\/fr\/accueil\/#breadcrumb\"},\"inLanguage\":\"en-US\",\"potentialAction\":[{\"@type\":\"ReadAction\",\"target\":[\"http:\/\/nonsolumdata.com\/blog\/fr\/accueil\/\"]}]},{\"@type\":\"BreadcrumbList\",\"@id\":\"http:\/\/nonsolumdata.com\/blog\/fr\/accueil\/#breadcrumb\",\"itemListElement\":[{\"@type\":\"ListItem\",\"position\":1,\"name\":\"Home\",\"item\":\"http:\/\/nonsolumdata.com\/blog\/en\/home\/\"},{\"@type\":\"ListItem\",\"position\":2,\"name\":\"Accueil\"}]},{\"@type\":\"WebSite\",\"@id\":\"http:\/\/nonsolumdata.com\/blog\/en\/home\/#website\",\"url\":\"http:\/\/nonsolumdata.com\/blog\/en\/home\/\",\"name\":\"Non Solum Data\",\"description\":\"\",\"potentialAction\":[{\"@type\":\"SearchAction\",\"target\":{\"@type\":\"EntryPoint\",\"urlTemplate\":\"http:\/\/nonsolumdata.com\/blog\/en\/home\/?s={search_term_string}\"},\"query-input\":{\"@type\":\"PropertyValueSpecification\",\"valueRequired\":true,\"valueName\":\"search_term_string\"}}],\"inLanguage\":\"en-US\"}]}<\/script>\n<!-- \/ Yoast SEO plugin. -->","yoast_head_json":{"title":"Accueil | Non Solum Data","robots":{"index":"index","follow":"follow","max-snippet":"max-snippet:-1","max-image-preview":"max-image-preview:large","max-video-preview":"max-video-preview:-1"},"canonical":"http:\/\/nonsolumdata.com\/blog\/fr\/accueil\/","og_locale":"en_US","og_type":"article","og_title":"Accueil | Non Solum Data","og_description":"Non solum data. Data sine monito oculo nihil sunt. Ce ne sont pas seulement des donn\u00e9es. Les donn\u00e9es ne sont rien sans un regard averti. Comme nous nous investissons dans les domaines de l\u2019\u00e9ducation et de la sant\u00e9, nous nous int\u00e9ressons aux donn\u00e9es qui tombent sous nos yeux. Notre principal objectif dans ce Blog\/Site web &hellip; Continue reading Accueil","og_url":"http:\/\/nonsolumdata.com\/blog\/fr\/accueil\/","og_site_name":"Non Solum Data","article_publisher":"https:\/\/www.facebook.com\/nonsolumdata\/","twitter_card":"summary_large_image","schema":{"@context":"https:\/\/schema.org","@graph":[{"@type":"WebPage","@id":"http:\/\/nonsolumdata.com\/blog\/fr\/accueil\/","url":"http:\/\/nonsolumdata.com\/blog\/fr\/accueil\/","name":"Accueil | Non Solum Data","isPartOf":{"@id":"http:\/\/nonsolumdata.com\/blog\/en\/home\/#website"},"datePublished":"2016-05-22T21:32:04+00:00","breadcrumb":{"@id":"http:\/\/nonsolumdata.com\/blog\/fr\/accueil\/#breadcrumb"},"inLanguage":"en-US","potentialAction":[{"@type":"ReadAction","target":["http:\/\/nonsolumdata.com\/blog\/fr\/accueil\/"]}]},{"@type":"BreadcrumbList","@id":"http:\/\/nonsolumdata.com\/blog\/fr\/accueil\/#breadcrumb","itemListElement":[{"@type":"ListItem","position":1,"name":"Home","item":"http:\/\/nonsolumdata.com\/blog\/en\/home\/"},{"@type":"ListItem","position":2,"name":"Accueil"}]},{"@type":"WebSite","@id":"http:\/\/nonsolumdata.com\/blog\/en\/home\/#website","url":"http:\/\/nonsolumdata.com\/blog\/en\/home\/","name":"Non Solum Data","description":"","potentialAction":[{"@type":"SearchAction","target":{"@type":"EntryPoint","urlTemplate":"http:\/\/nonsolumdata.com\/blog\/en\/home\/?s={search_term_string}"},"query-input":{"@type":"PropertyValueSpecification","valueRequired":true,"valueName":"search_term_string"}}],"inLanguage":"en-US"}]}},"jetpack_sharing_enabled":true,"jetpack_shortlink":"https:\/\/wp.me\/P9WZB1-9x","_links":{"self":[{"href":"http:\/\/nonsolumdata.com\/blog\/wp-json\/wp\/v2\/pages\/591","targetHints":{"allow":["GET"]}}],"collection":[{"href":"http:\/\/nonsolumdata.com\/blog\/wp-json\/wp\/v2\/pages"}],"about":[{"href":"http:\/\/nonsolumdata.com\/blog\/wp-json\/wp\/v2\/types\/page"}],"author":[{"embeddable":true,"href":"http:\/\/nonsolumdata.com\/blog\/wp-json\/wp\/v2\/users\/1"}],"replies":[{"embeddable":true,"href":"http:\/\/nonsolumdata.com\/blog\/wp-json\/wp\/v2\/comments?post=591"}],"version-history":[{"count":1,"href":"http:\/\/nonsolumdata.com\/blog\/wp-json\/wp\/v2\/pages\/591\/revisions"}],"predecessor-version":[{"id":2257,"href":"http:\/\/nonsolumdata.com\/blog\/wp-json\/wp\/v2\/pages\/591\/revisions\/2257"}],"wp:attachment":[{"href":"http:\/\/nonsolumdata.com\/blog\/wp-json\/wp\/v2\/media?parent=591"}],"curies":[{"name":"wp","href":"https:\/\/api.w.org\/{rel}","templated":true}]}}